{"id":1420,"date":"2022-03-17T18:28:56","date_gmt":"2022-03-17T18:28:56","guid":{"rendered":"https:\/\/www.sbsmakine.com\/hizmetler\/"},"modified":"2022-03-24T10:32:12","modified_gmt":"2022-03-24T10:32:12","slug":"hizmetler","status":"publish","type":"page","link":"https:\/\/www.sbsmakine.com\/tr\/hizmetler\/","title":{"rendered":"Hizmetler"},"content":{"rendered":"\n\t<section class=\"section\" id=\"section_582576281\">\n\t\t<div class=\"bg section-bg fill bg-fill  bg-loaded\" >\n\n\t\t\t\n\t\t\t\n\t\t\t\n\n\t\t<\/div>\n\n\t\t\n\n\t\t<div class=\"section-content relative\">\n\t\t\t\n\n<div class=\"row\"  id=\"row-613284213\">\n\n\n\t<div id=\"col-201420372\" class=\"col medium-6 small-12 large-6\"  >\n\t\t\t\t<div class=\"col-inner\"  >\n\t\t\t\n\t\t\t\n\n\t<div class=\"img has-hover x md-x lg-x y md-y lg-y\" id=\"image_1074236151\">\n\t\t\t\t\t\t\t\t<div class=\"img-inner dark\" >\n\t\t\t<img loading=\"lazy\" decoding=\"async\" width=\"450\" height=\"200\" src=\"https:\/\/www.sbsmakine.com\/wp-content\/uploads\/2022\/03\/2.png\" class=\"attachment-large size-large\" alt=\"\" \/>\t\t\t\t\t\t\n\t\t\t\t\t<\/div>\n\t\t\t\t\t\t\t\t\n<style>\n#image_1074236151 {\n  width: 100%;\n}\n<\/style>\n\t<\/div>\n\t\n\n\n\t\t<\/div>\n\t\t\t\t\n<style>\n#col-201420372 > .col-inner {\n  margin: -60px 0px 0px -16px;\n}\n@media (min-width:550px) {\n  #col-201420372 > .col-inner {\n    margin: -30px 0px 0px 0px;\n  }\n}\n<\/style>\n\t<\/div>\n\n\t\n\n\t<div id=\"col-578846886\" class=\"col medium-6 small-12 large-6\"  >\n\t\t\t\t<div class=\"col-inner\"  >\n\t\t\t\n\t\t\t\n\n\t<div class=\"img has-hover x md-x lg-x y md-y lg-y\" id=\"image_428809253\">\n\t\t\t\t\t\t\t\t<div class=\"img-inner dark\" >\n\t\t\t<img loading=\"lazy\" decoding=\"async\" width=\"450\" height=\"200\" src=\"https:\/\/www.sbsmakine.com\/wp-content\/uploads\/2022\/03\/1.png\" class=\"attachment-large size-large\" alt=\"\" \/>\t\t\t\t\t\t\n\t\t\t\t\t<\/div>\n\t\t\t\t\t\t\t\t\n<style>\n#image_428809253 {\n  width: 100%;\n}\n<\/style>\n\t<\/div>\n\t\n\n\n\t\t<\/div>\n\t\t\t\t\n<style>\n#col-578846886 > .col-inner {\n  margin: -163px 0px 0px 22px;\n}\n@media (min-width:550px) {\n  #col-578846886 > .col-inner {\n    margin: -30px 0px 0px 0px;\n  }\n}\n<\/style>\n\t<\/div>\n\n\t\n\n<\/div>\n<div class=\"row\"  id=\"row-1691404213\">\n\n\n\t<div id=\"col-1778310193\" class=\"col small-12 large-12\"  >\n\t\t\t\t<div class=\"col-inner text-center\"  >\n\t\t\t\n\t\t\t\n\n\t<div id=\"text-3840316179\" class=\"text\">\n\t\t\n\n<h3>Servis -Bak\u0131m &#8211; Onar\u0131m<\/h3>\n\t\t\n<style>\n#text-3840316179 {\n  font-size: 1.75rem;\n}\n<\/style>\n\t<\/div>\n\t\n\n\t\t<\/div>\n\t\t\t\t\n<style>\n#col-1778310193 > .col-inner {\n  margin: -195px 0px 0px 0px;\n}\n<\/style>\n\t<\/div>\n\n\t\n\n<\/div>\n<div class=\"row row-large\"  id=\"row-139373885\">\n\n\n\t<div id=\"col-1117358638\" class=\"col medium-4 small-12 large-4\"  >\n\t\t\t\t<div class=\"col-inner text-center\"  >\n\t\t\t\n\t\t\t\n\n\n\t\t<div class=\"icon-box featured-box icon-box-center text-center\"  >\n\t\t\t\t\t<div class=\"icon-box-img\" style=\"width: 60px\">\n\t\t\t\t<div class=\"icon\">\n\t\t\t\t\t<div class=\"icon-inner\" >\n\t\t\t\t\t\t<img loading=\"lazy\" decoding=\"async\" width=\"120\" height=\"120\" src=\"https:\/\/www.sbsmakine.com\/wp-content\/uploads\/2022\/03\/settings-4-line-1.png\" class=\"attachment-medium size-medium\" alt=\"\" srcset=\"https:\/\/www.sbsmakine.com\/wp-content\/uploads\/2022\/03\/settings-4-line-1.png 120w, https:\/\/www.sbsmakine.com\/wp-content\/uploads\/2022\/03\/settings-4-line-1-100x100.png 100w\" sizes=\"auto, (max-width: 120px) 100vw, 120px\" \/>\t\t\t\t\t<\/div>\n\t\t\t\t<\/div>\n\t\t\t<\/div>\n\t\t\t\t<div class=\"icon-box-text last-reset\">\n\t\t\t\t\t\t\t\t\t\n\n\t<div id=\"text-3341613312\" class=\"text\">\n\t\t\n\n<h3>Servis<\/h3>\n\t\t\n<style>\n#text-3341613312 {\n  font-size: 1.25rem;\n}\n<\/style>\n\t<\/div>\n\t\n\n\t\t<\/div>\n\t<\/div>\n\t\n\t\n<p>Firmam\u0131zdan al\u0131nan t\u00fcm sistemlerin garanti kapsam\u0131nda servis hizmetleri yap\u0131l\u0131r.&nbsp;<\/p>\n\n\t\t<\/div>\n\t\t\t\t\n<style>\n#col-1117358638 > .col-inner {\n  margin: -120px 0px 0px 0px;\n}\n@media (min-width:550px) {\n  #col-1117358638 > .col-inner {\n    margin: -120px 0px 0px 0px;\n  }\n}\n<\/style>\n\t<\/div>\n\n\t\n\n\t<div id=\"col-1008972689\" class=\"col medium-4 small-12 large-4\"  >\n\t\t\t\t<div class=\"col-inner text-center\"  >\n\t\t\t\n\t\t\t\n\n\n\t\t<div class=\"icon-box featured-box icon-box-center text-center\"  >\n\t\t\t\t\t<div class=\"icon-box-img\" style=\"width: 60px\">\n\t\t\t\t<div class=\"icon\">\n\t\t\t\t\t<div class=\"icon-inner\" >\n\t\t\t\t\t\t<img loading=\"lazy\" decoding=\"async\" width=\"120\" height=\"120\" src=\"https:\/\/www.sbsmakine.com\/wp-content\/uploads\/2022\/03\/stack-line-1.png\" class=\"attachment-medium size-medium\" alt=\"\" srcset=\"https:\/\/www.sbsmakine.com\/wp-content\/uploads\/2022\/03\/stack-line-1.png 120w, https:\/\/www.sbsmakine.com\/wp-content\/uploads\/2022\/03\/stack-line-1-100x100.png 100w\" sizes=\"auto, (max-width: 120px) 100vw, 120px\" \/>\t\t\t\t\t<\/div>\n\t\t\t\t<\/div>\n\t\t\t<\/div>\n\t\t\t\t<div class=\"icon-box-text last-reset\">\n\t\t\t\t\t\t\t\t\t\n\n\t<div id=\"text-335577727\" class=\"text\">\n\t\t\n\n<h3>Bak\u0131m<\/h3>\n\t\t\n<style>\n#text-335577727 {\n  font-size: 1.25rem;\n}\n<\/style>\n\t<\/div>\n\t\n\n\t\t<\/div>\n\t<\/div>\n\t\n\t\n<p>Firmam\u0131zdan al\u0131nan ya da al\u0131nmayan t\u00fcm sistemlerin planl\u0131 ve plans\u0131z bak\u0131mlar\u0131 yap\u0131l\u0131r.<\/p>\n\n\t\t<\/div>\n\t\t\t\t\n<style>\n#col-1008972689 > .col-inner {\n  margin: -41px 0px 0px 0px;\n}\n@media (min-width:550px) {\n  #col-1008972689 > .col-inner {\n    margin: -120px 0px 0px 0px;\n  }\n}\n<\/style>\n\t<\/div>\n\n\t\n\n\t<div id=\"col-1776069196\" class=\"col medium-4 small-12 large-4\"  >\n\t\t\t\t<div class=\"col-inner text-center\"  >\n\t\t\t\n\t\t\t\n\n\n\t\t<div class=\"icon-box featured-box icon-box-center text-center\"  >\n\t\t\t\t\t<div class=\"icon-box-img\" style=\"width: 60px\">\n\t\t\t\t<div class=\"icon\">\n\t\t\t\t\t<div class=\"icon-inner\" >\n\t\t\t\t\t\t<img loading=\"lazy\" decoding=\"async\" width=\"400\" height=\"400\" src=\"https:\/\/www.sbsmakine.com\/wp-content\/uploads\/2022\/03\/SBS_Solution_Servis_Bakim_Onarim-removebg-preview.png\" class=\"attachment-medium size-medium\" alt=\"\" srcset=\"https:\/\/www.sbsmakine.com\/wp-content\/uploads\/2022\/03\/SBS_Solution_Servis_Bakim_Onarim-removebg-preview.png 400w, https:\/\/www.sbsmakine.com\/wp-content\/uploads\/2022\/03\/SBS_Solution_Servis_Bakim_Onarim-removebg-preview-280x280.png 280w, https:\/\/www.sbsmakine.com\/wp-content\/uploads\/2022\/03\/SBS_Solution_Servis_Bakim_Onarim-removebg-preview-200x200.png 200w, https:\/\/www.sbsmakine.com\/wp-content\/uploads\/2022\/03\/SBS_Solution_Servis_Bakim_Onarim-removebg-preview-100x100.png 100w\" sizes=\"auto, (max-width: 400px) 100vw, 400px\" \/>\t\t\t\t\t<\/div>\n\t\t\t\t<\/div>\n\t\t\t<\/div>\n\t\t\t\t<div class=\"icon-box-text last-reset\">\n\t\t\t\t\t\t\t\t\t\n\n\t<div id=\"text-3455988955\" class=\"text\">\n\t\t\n\n<h3>Onar\u0131m<\/h3>\n\t\t\n<style>\n#text-3455988955 {\n  font-size: 1.25rem;\n}\n<\/style>\n\t<\/div>\n\t\n\n\t\t<\/div>\n\t<\/div>\n\t\n\t\n<p>Yurtd\u0131\u015f\u0131 ve yurti\u00e7i onar\u0131m talepleri kar\u015f\u0131l\u0131yoruz.Ayn\u0131 zamanda yedek par\u00e7a tedare\u011fi sa\u011fl\u0131yoruz. <\/p>\n\n\t\t<\/div>\n\t\t\t\t\n<style>\n#col-1776069196 > .col-inner {\n  margin: -30px 0px 0px 0px;\n}\n@media (min-width:550px) {\n  #col-1776069196 > .col-inner {\n    margin: -120px 0px 0px 0px;\n  }\n}\n<\/style>\n\t<\/div>\n\n\t\n\n<\/div>\n<div class=\"container section-title-container\" ><h3 class=\"section-title section-title-bold-center\"><b><\/b><span class=\"section-title-main\" >Bak\u0131m ve Onar\u0131m\u0131n\u0131 Yapt\u0131\u011f\u0131m\u0131z Sistemler<\/span><b><\/b><\/h3><\/div>\n\n<div class=\"row\"  id=\"row-93155604\">\n\n\n\t<div id=\"col-339103612\" class=\"col medium-3 small-12 large-3\"  >\n\t\t\t\t<div class=\"col-inner\"  >\n\t\t\t\n\t\t\t\n\n<ul class=\"product_list_widget\"><\/ul>\n\n<div class=\"row\"  id=\"row-1805949433\">\n\n\n\t<div id=\"col-250533547\" class=\"col small-12 large-12\"  >\n\t\t\t\t<div class=\"col-inner\"  >\n\t\t\t\n\t\t\t\n\n\t<div class=\"box has-hover   has-hover box-shadow-3 box-text-bottom\" >\n\n\t\t<div class=\"box-image\" >\n\t\t\t<a href=\"https:\/\/www.sbsmakine.com\/tr\/makine-kaliplari\/\"  >\t\t\t<div class=\"\" >\n\t\t\t\t<img loading=\"lazy\" decoding=\"async\" width=\"280\" height=\"280\" src=\"https:\/\/www.sbsmakine.com\/wp-content\/uploads\/2022\/02\/Technicalchief-Makine-Kaliplari-13-280x280.jpg\" class=\"attachment-thumbnail size-thumbnail\" alt=\"\" srcset=\"https:\/\/www.sbsmakine.com\/wp-content\/uploads\/2022\/02\/Technicalchief-Makine-Kaliplari-13-280x280.jpg 280w, https:\/\/www.sbsmakine.com\/wp-content\/uploads\/2022\/02\/Technicalchief-Makine-Kaliplari-13-200x200.jpg 200w, https:\/\/www.sbsmakine.com\/wp-content\/uploads\/2022\/02\/Technicalchief-Makine-Kaliplari-13-100x100.jpg 100w\" sizes=\"auto, (max-width: 280px) 100vw, 280px\" \/>\t\t\t\t\t\t\t\t\t\t\t<\/div>\n\t\t\t<\/a>\t\t<\/div>\n\n\t\t<div class=\"box-text text-center\" >\n\t\t\t<div class=\"box-text-inner\">\n\t\t\t\t\n\n<h4>Makine Kal\u0131plar\u0131<\/h4>\n\n\t\t\t<\/div>\n\t\t<\/div>\n\t<\/div>\n\t\n\n\t\t<\/div>\n\t\t\t\t\n<style>\n#col-250533547 > .col-inner {\n  margin: -26px 0px 0px 0px;\n}\n<\/style>\n\t<\/div>\n\n\t\n\n<\/div>\n<div class=\"row\"  id=\"row-132607596\">\n\n\n\t<div id=\"col-970542433\" class=\"col small-12 large-12\"  >\n\t\t\t\t<div class=\"col-inner\"  >\n\t\t\t\n\t\t\t\n\n\t<div class=\"box has-hover   has-hover box-shadow-3 box-text-bottom\" >\n\n\t\t<div class=\"box-image\" >\n\t\t\t<a href=\"https:\/\/www.sbsmakine.com\/tr\/konveyor-sistemleri\/\"  >\t\t\t<div class=\"\" >\n\t\t\t\t<img loading=\"lazy\" decoding=\"async\" width=\"600\" height=\"400\" src=\"https:\/\/www.sbsmakine.com\/wp-content\/uploads\/2022\/03\/Technicalchief-Konveyor-Sistemleri-5.jpg\" class=\"attachment- size-\" alt=\"\" \/>\t\t\t\t\t\t\t\t\t\t\t<\/div>\n\t\t\t<\/a>\t\t<\/div>\n\n\t\t<div class=\"box-text text-center\" >\n\t\t\t<div class=\"box-text-inner\">\n\t\t\t\t\n\n<h4>Konvey\u00f6r Sistemleri<\/h4>\n\n\t\t\t<\/div>\n\t\t<\/div>\n\t<\/div>\n\t\n\n\t\t<\/div>\n\t\t\t\t\t<\/div>\n\n\t\n\n<\/div>\n\n\t\t<\/div>\n\t\t\t\t\t<\/div>\n\n\t\n\n\t<div id=\"col-1316484747\" class=\"col medium-6 small-12 large-6\"  >\n\t\t\t\t<div class=\"col-inner\"  >\n\t\t\t\n\t\t\t\n\n\t<div class=\"img has-hover x md-x lg-x y md-y lg-y\" id=\"image_226817309\">\n\t\t<a class=\"\" href=\"https:\/\/www.sbsmakine.com\/iletisim\/\"  >\t\t\t\t\t\t<div class=\"img-inner dark\" >\n\t\t\t<img loading=\"lazy\" decoding=\"async\" width=\"600\" height=\"500\" src=\"https:\/\/www.sbsmakine.com\/wp-content\/uploads\/2022\/03\/sbs-solution-servis-1.png\" class=\"attachment-large size-large\" alt=\"sbs solution services\" srcset=\"https:\/\/www.sbsmakine.com\/wp-content\/uploads\/2022\/03\/sbs-solution-servis-1.png 600w, https:\/\/www.sbsmakine.com\/wp-content\/uploads\/2022\/03\/sbs-solution-servis-1-480x400.png 480w\" sizes=\"auto, (max-width: 600px) 100vw, 600px\" \/>\t\t\t\t\t\t\n\t\t\t\t\t<\/div>\n\t\t\t\t\t\t<\/a>\t\t\n<style>\n#image_226817309 {\n  width: 100%;\n}\n<\/style>\n\t<\/div>\n\t\n\n<div class=\"row\"  id=\"row-327968927\">\n\n\n\t<div id=\"col-608551147\" class=\"col medium-6 small-12 large-6\"  >\n\t\t\t\t<div class=\"col-inner\"  >\n\t\t\t\n\t\t\t\n\n\t<div class=\"box has-hover   has-hover box-shadow-3 box-text-bottom\" >\n\n\t\t<div class=\"box-image\" >\n\t\t\t<a href=\"https:\/\/www.sbsmakine.com\/tr\/sensorler\/\"  >\t\t\t<div class=\"\" >\n\t\t\t\t<img loading=\"lazy\" decoding=\"async\" width=\"600\" height=\"450\" src=\"https:\/\/www.sbsmakine.com\/wp-content\/uploads\/2022\/03\/sbs-solution-sensor-spare-parts-2.png\" class=\"attachment- size-\" alt=\"\" srcset=\"https:\/\/www.sbsmakine.com\/wp-content\/uploads\/2022\/03\/sbs-solution-sensor-spare-parts-2.png 600w, https:\/\/www.sbsmakine.com\/wp-content\/uploads\/2022\/03\/sbs-solution-sensor-spare-parts-2-533x400.png 533w\" sizes=\"auto, (max-width: 600px) 100vw, 600px\" \/>\t\t\t\t\t\t\t\t\t\t\t<\/div>\n\t\t\t<\/a>\t\t<\/div>\n\n\t\t<div class=\"box-text text-center\" >\n\t\t\t<div class=\"box-text-inner\">\n\t\t\t\t\n\n<h4>Sens\u00f6rler<\/h4>\n\n\t\t\t<\/div>\n\t\t<\/div>\n\t<\/div>\n\t\n\n\t\t<\/div>\n\t\t\t\t\t<\/div>\n\n\t\n\n\t<div id=\"col-1862614236\" class=\"col medium-6 small-12 large-6\"  >\n\t\t\t\t<div class=\"col-inner\"  >\n\t\t\t\n\t\t\t\n\n\t<div class=\"box has-hover   has-hover box-shadow-3 box-text-bottom\" >\n\n\t\t<div class=\"box-image\" >\n\t\t\t<a href=\"https:\/\/www.sbsmakine.com\/tr\/servo-sistemler\/\"  >\t\t\t<div class=\"image-cover\" style=\"padding-top:75%;\">\n\t\t\t\t<img loading=\"lazy\" decoding=\"async\" width=\"300\" height=\"400\" src=\"https:\/\/www.sbsmakine.com\/wp-content\/uploads\/2022\/03\/SBS-Solution-Servo-Systems-300x400.png\" class=\"attachment-medium size-medium\" alt=\"\" srcset=\"https:\/\/www.sbsmakine.com\/wp-content\/uploads\/2022\/03\/SBS-Solution-Servo-Systems-300x400.png 300w, https:\/\/www.sbsmakine.com\/wp-content\/uploads\/2022\/03\/SBS-Solution-Servo-Systems.png 450w\" sizes=\"auto, (max-width: 300px) 100vw, 300px\" \/>\t\t\t\t\t\t\t\t\t\t\t<\/div>\n\t\t\t<\/a>\t\t<\/div>\n\n\t\t<div class=\"box-text text-center\" >\n\t\t\t<div class=\"box-text-inner\">\n\t\t\t\t\n\n<h4>Servo Kontrol Sistemleri<\/h4>\n\n\t\t\t<\/div>\n\t\t<\/div>\n\t<\/div>\n\t\n\n\t\t<\/div>\n\t\t\t\t\t<\/div>\n\n\t\n\n<\/div>\n<div class=\"row\"  id=\"row-1136828189\">\n\n\n\t<div id=\"col-1143378605\" class=\"col small-12 large-12\"  >\n\t\t\t\t<div class=\"col-inner text-center\"  >\n\t\t\t\n\t\t\t\n\n<a href=\"https:\/\/www.sbsmakine.com\/tr\/iletisim\/\" target=\"_self\" class=\"button primary\"  style=\"border-radius:99px;\">\n    <span>\u0130LET\u0130\u015e\u0130M<\/span>\n  <\/a>\n\n\n\n\t\t<\/div>\n\t\t\t\t\n<style>\n#col-1143378605 > .col-inner {\n  margin: 34px 0px 0px 0px;\n}\n@media (min-width:550px) {\n  #col-1143378605 > .col-inner {\n    margin: 5px 0px 0px 0px;\n  }\n}\n<\/style>\n\t<\/div>\n\n\t\n\n<\/div>\n\n\t\t<\/div>\n\t\t\t\t\n<style>\n#col-1316484747 > .col-inner {\n  margin: 0px 0px -41px 0px;\n}\n@media (min-width:550px) {\n  #col-1316484747 > .col-inner {\n    margin: 0px 0px -69px 0px;\n  }\n}\n<\/style>\n\t<\/div>\n\n\t\n\n\t<div id=\"col-780968801\" class=\"col medium-3 small-12 large-3\"  >\n\t\t\t\t<div class=\"col-inner\"  >\n\t\t\t\n\t\t\t\n\n\t<div class=\"box has-hover   has-hover box-shadow-3 box-text-bottom\" >\n\n\t\t<div class=\"box-image\" >\n\t\t\t<a href=\"https:\/\/www.sbsmakine.com\/tr\/festo-pnomatik-urunler\/\"  >\t\t\t<div class=\"\" >\n\t\t\t\t<img loading=\"lazy\" decoding=\"async\" width=\"280\" height=\"280\" src=\"https:\/\/www.sbsmakine.com\/wp-content\/uploads\/2022\/03\/Technicalchief-Pnomatik-Sistemler-2-280x280.png\" class=\"attachment-thumbnail size-thumbnail\" alt=\"\" srcset=\"https:\/\/www.sbsmakine.com\/wp-content\/uploads\/2022\/03\/Technicalchief-Pnomatik-Sistemler-2-280x280.png 280w, https:\/\/www.sbsmakine.com\/wp-content\/uploads\/2022\/03\/Technicalchief-Pnomatik-Sistemler-2-200x200.png 200w, https:\/\/www.sbsmakine.com\/wp-content\/uploads\/2022\/03\/Technicalchief-Pnomatik-Sistemler-2-100x100.png 100w\" sizes=\"auto, (max-width: 280px) 100vw, 280px\" \/>\t\t\t\t\t\t\t\t\t\t\t<\/div>\n\t\t\t<\/a>\t\t<\/div>\n\n\t\t<div class=\"box-text text-center\" >\n\t\t\t<div class=\"box-text-inner\">\n\t\t\t\t\n\n<h4>FESTO Pn\u00f6matik \u00dcr\u00fcnler<\/h4>\n\n\t\t\t<\/div>\n\t\t<\/div>\n\t<\/div>\n\t\n<div class=\"row\"  id=\"row-1793783417\">\n\n\n\t<div id=\"col-1419190529\" class=\"col small-12 large-12\"  >\n\t\t\t\t<div class=\"col-inner\"  >\n\t\t\t\n\t\t\t\n\n\t<div id=\"gap-1432298638\" class=\"gap-element clearfix\" style=\"display:block; height:auto;\">\n\t\t\n<style>\n#gap-1432298638 {\n  padding-top: 30px;\n}\n<\/style>\n\t<\/div>\n\t\n\n\t<div class=\"box has-hover   has-hover box-shadow-3 box-text-bottom\" >\n\n\t\t<div class=\"box-image\" >\n\t\t\t<a href=\"https:\/\/www.sbsmakine.com\/tr\/infrared-isitici-ve-kontrol-sistemleri\/\"  >\t\t\t<div class=\"\" >\n\t\t\t\t<img loading=\"lazy\" decoding=\"async\" width=\"600\" height=\"450\" src=\"https:\/\/www.sbsmakine.com\/wp-content\/uploads\/2022\/03\/Technicalchief-infrared-Heating-Systems.png\" class=\"attachment- size-\" alt=\"SBS Solution infrared heating services\" srcset=\"https:\/\/www.sbsmakine.com\/wp-content\/uploads\/2022\/03\/Technicalchief-infrared-Heating-Systems.png 600w, https:\/\/www.sbsmakine.com\/wp-content\/uploads\/2022\/03\/Technicalchief-infrared-Heating-Systems-533x400.png 533w\" sizes=\"auto, (max-width: 600px) 100vw, 600px\" \/>\t\t\t\t\t\t\t\t\t\t\t<\/div>\n\t\t\t<\/a>\t\t<\/div>\n\n\t\t<div class=\"box-text text-center\" >\n\t\t\t<div class=\"box-text-inner\">\n\t\t\t\t\n\n<h4>Infrared Is\u0131t\u0131c\u0131 ve Kontrol Sistemleri<\/h4>\n\n\t\t\t<\/div>\n\t\t<\/div>\n\t<\/div>\n\t\n\n\t\t<\/div>\n\t\t\t\t\t<\/div>\n\n\t\n\n<\/div>\n\n\t\t<\/div>\n\t\t\t\t\n<style>\n#col-780968801 > .col-inner {\n  margin: 0px 0px 0px 0px;\n}\n<\/style>\n\t<\/div>\n\n\t\n\n\n<style>\n#row-93155604 > .col > .col-inner {\n  padding: 0px 0px 0px 0px;\n}\n<\/style>\n<\/div>\n\n\t\t<\/div>\n\n\t\t\n<style>\n#section_582576281 {\n  padding-top: 0px;\n  padding-bottom: 0px;\n}\n#section_582576281 .ux-shape-divider--top svg {\n  height: 150px;\n  --divider-top-width: 100%;\n}\n#section_582576281 .ux-shape-divider--bottom svg {\n  height: 150px;\n  --divider-width: 100%;\n}\n@media (min-width:550px) {\n  #section_582576281 {\n    padding-top: 65px;\n    padding-bottom: 65px;\n  }\n}\n@media (min-width:850px) {\n  #section_582576281 {\n    padding-top: 0px;\n    padding-bottom: 0px;\n  }\n}\n<\/style>\n\t<\/section>\n\t\n\n","protected":false},"excerpt":{"rendered":"","protected":false},"author":1,"featured_media":0,"parent":0,"menu_order":0,"comment_status":"closed","ping_status":"closed","template":"","meta":{"footnotes":""},"class_list":["post-1420","page","type-page","status-publish","hentry"],"_links":{"self":[{"href":"https:\/\/www.sbsmakine.com\/tr\/wp-json\/wp\/v2\/pages\/1420","targetHints":{"allow":["GET"]}}],"collection":[{"href":"https:\/\/www.sbsmakine.com\/tr\/wp-json\/wp\/v2\/pages"}],"about":[{"href":"https:\/\/www.sbsmakine.com\/tr\/wp-json\/wp\/v2\/types\/page"}],"author":[{"embeddable":true,"href":"https:\/\/www.sbsmakine.com\/tr\/wp-json\/wp\/v2\/users\/1"}],"replies":[{"embeddable":true,"href":"https:\/\/www.sbsmakine.com\/tr\/wp-json\/wp\/v2\/comments?post=1420"}],"version-history":[{"count":14,"href":"https:\/\/www.sbsmakine.com\/tr\/wp-json\/wp\/v2\/pages\/1420\/revisions"}],"predecessor-version":[{"id":1723,"href":"https:\/\/www.sbsmakine.com\/tr\/wp-json\/wp\/v2\/pages\/1420\/revisions\/1723"}],"wp:attachment":[{"href":"https:\/\/www.sbsmakine.com\/tr\/wp-json\/wp\/v2\/media?parent=1420"}],"curies":[{"name":"wp","href":"https:\/\/api.w.org\/{rel}","templated":true}]}}