{"id":1598,"date":"2022-03-15T19:55:34","date_gmt":"2022-03-15T19:55:34","guid":{"rendered":"https:\/\/www.sbsmakine.com\/konveyor-sistemleri\/"},"modified":"2022-03-24T10:48:00","modified_gmt":"2022-03-24T10:48:00","slug":"konveyor-sistemleri","status":"publish","type":"page","link":"https:\/\/www.sbsmakine.com\/tr\/konveyor-sistemleri\/","title":{"rendered":"Konvey\u00f6r Sistemleri"},"content":{"rendered":"\n<div class=\"container section-title-container\" ><h3 class=\"section-title section-title-bold-center\"><b><\/b><span class=\"section-title-main\" >Konvey\u00f6r S\u0130STEMLER\u0130<\/span><b><\/b><\/h3><\/div>\n\n\t<section class=\"section\" id=\"section_1134123059\">\n\t\t<div class=\"bg section-bg fill bg-fill  bg-loaded\" >\n\n\t\t\t\n\t\t\t\n\t\t\t\n\n\t\t<\/div>\n\n\t\t\n\n\t\t<div class=\"section-content relative\">\n\t\t\t\n\n<div class=\"row\"  id=\"row-1364407718\">\n\n\n\t<div id=\"col-581156480\" class=\"col medium-6 small-12 large-6\"  data-animate=\"fadeInLeft\">\n\t\t\t\t<div class=\"col-inner\"  >\n\t\t\t\n\t\t\t\n\n\t<div id=\"text-197963355\" class=\"text\">\n\t\t\n\n<h1>SBS Solution Konvey\u00f6r Sistemleri<\/h1>\n<p>Artan i\u015f hacimleri ve maliyetlerin en aza indirilmesi i\u00e7in Konvey\u00f6r Sistemleri olduk\u00e7a yararl\u0131d\u0131r. Bu sistemler sayesinde \u00fcretimde verimlilik artarken, maliyetler d\u00fc\u015fer. \u00dcretim hatt\u0131n\u0131n her kademesinde verimlilik \u00f6l\u00e7\u00fcmlendirilebilir. Operasyonel i\u015flerde optimum verimlilik sa\u011flan\u0131r. Konvey\u00f6rler sayesinde \u00fcretim hatt\u0131-paketleme ve g\u00f6nderme hatt\u0131 aras\u0131nda s\u00fcrekli bir ak\u0131\u015f sa\u011flan\u0131r.<\/p>\n<h2>Konvey\u00f6r Sistemleri \u00dcretimi ve Sat\u0131\u015f\u0131<\/h2>\n<p><strong>SBS Solution<\/strong>, \u00f6zel ebat ve \u00f6l\u00e7\u00fclerde, \u00fcretim hatlar\u0131na \u00f6zel, optimum verimlili\u011fi sa\u011flayacak Konvey\u00f6r Sistemleri \u00fcretmektedir. \u00dcretilen Konvey\u00f6rler i\u00e7 piyasa verildi\u011fi gibi d\u00fcnyan\u0131n d\u00f6rt bir taraf\u0131na da ihra\u00e7 edilmektedir. <strong>Konvey\u00f6r Sistemlerinde \u00dcretim S\u00fcreci<\/strong> tamamen m\u00fc\u015fteri ile ortak y\u00fcr\u00fct\u00fcl\u00fcr. \u00dcretimdeki temel ama\u00e7 ise i\u015f g\u00fcc\u00fc kayb\u0131n\u0131n azalt\u0131lmas\u0131 ve verimlili\u011fin maksimum olmas\u0131d\u0131r. Bu nedenle \u00fcretimin her a\u015famas\u0131nda m\u00fc\u015fterilerimizin istekleri ve yap\u0131lan ke\u015fif sonucunda ortaya konan projeler dikkate al\u0131n\u0131r.<\/p>\n\t\t\n<style>\n#text-197963355 {\n  font-size: 0.95rem;\n  line-height: 1.4;\n  text-align: left;\n}\n<\/style>\n\t<\/div>\n\t\n<h2>Konvey\u00f6r Sistemleri ve Yedek Par\u00e7alar\u0131<\/h2>\n<p>SBS Solution bant sistemlerini \u00fcretti\u011fi gibi yedek par\u00e7alar\u0131n\u0131 \u00fcretmektedir. Zamanla ar\u0131zalanan, deforme olan konvey\u00f6r sistemlerine ait par\u00e7alar yenileri ile de\u011fi\u015ftirilir. Ar\u0131zal\u0131 Sistemlere ait bilgilerin taraf\u0131m\u0131za g\u00f6nderilmesi durumunda yap\u0131lacak \u00f6l\u00e7\u00fcm ve analizlere g\u00f6re sistemlere \u00f6zel par\u00e7alar da \u00fcretilebilmektedir.<\/p>\n\n\t\t<\/div>\n\t\t\t\t\t<\/div>\n\n\t\n\n\t<div id=\"col-1374641173\" class=\"col medium-6 small-12 large-6 col-divided\"  >\n\t\t\t\t<div class=\"col-inner text-center\"  >\n\t\t\t\n\t\t\t\n\n\t<div class=\"img has-hover x md-x lg-x y md-y lg-y\" id=\"image_661172906\">\n\t\t<a class=\"\" href=\"https:\/\/www.sbsmakine.com\/iletisim\/\"  >\t\t\t\t<div data-animate=\"fadeInRight\">\t\t<div class=\"img-inner image-zoom-long image-cover box-shadow-3 box-shadow-3-hover dark\" style=\"padding-top:400px;margin:6px 0px 0px 0px;\">\n\t\t\t<img loading=\"lazy\" decoding=\"async\" width=\"600\" height=\"450\" src=\"https:\/\/www.sbsmakine.com\/wp-content\/uploads\/2022\/03\/Technicalchief-Konveyor-Sistemleri-3.jpg\" class=\"attachment-original size-original\" alt=\"\" srcset=\"https:\/\/www.sbsmakine.com\/wp-content\/uploads\/2022\/03\/Technicalchief-Konveyor-Sistemleri-3.jpg 600w, https:\/\/www.sbsmakine.com\/wp-content\/uploads\/2022\/03\/Technicalchief-Konveyor-Sistemleri-3-533x400.jpg 533w\" sizes=\"auto, (max-width: 600px) 100vw, 600px\" \/>\t\t\t\t\t\t\n\t\t\t\t\t<\/div>\n\t\t<\/div>\t\t\t\t<\/a>\t\t\n<style>\n#image_661172906 {\n  width: 100%;\n}\n<\/style>\n\t<\/div>\n\t\n\n\t<div id=\"text-4175453626\" class=\"text\">\n\t\t\n\n<h2>Konvey\u00f6r Sistemleri Fiyatlar\u0131<\/h2>\n<p>Konvey\u00f6r sistemleri end\u00fcstriyel tesisler ile b\u00fcy\u00fck ve k\u00fc\u00e7\u00fck \u00f6l\u00e7ekli i\u015fletmelere kadar bir \u00e7ok alanda kullan\u0131lmaktad\u0131r. Do\u011fal olarak <strong>konvey\u00f6r sistemleri fiyatlar\u0131<\/strong> ,yerinde\u00a0 yap\u0131lan \u00f6l\u00e7\u00fcler ya da proje \u00fczerinde yap\u0131lan incelemeler neticesinde belirlenebilmektedir. Konvey\u00f6r sistemlerine ili\u015fkin talepleriniz olmas\u0131 durumunda bizimle ileti\u015fime ge\u00e7mek i\u00e7in l\u00fctfen <a href=\"https:\/\/www.sbsmakine.com\/tr\/iletisim\/\">t\u0131klay\u0131n\u0131z<\/a>.<\/p>\n\t\t\n<style>\n#text-4175453626 {\n  text-align: left;\n}\n<\/style>\n\t<\/div>\n\t\n\n\t\t<\/div>\n\t\t\t\t\n<style>\n#col-1374641173 > .col-inner {\n  margin: 33px 0px 0px 0px;\n  border-radius: 21px;\n}\n<\/style>\n\t<\/div>\n\n\t\n\n<\/div>\n<div class=\"container section-title-container\" ><h3 class=\"section-title section-title-bold-center\"><b><\/b><span class=\"section-title-main\" >Konvey\u00f6r S\u0130STEMLER\u0130M\u0130Z<\/span><b><\/b><\/h3><\/div>\n\n  <style>\n    #gallery-790279757 .grid-col-1{height: 400px}\n    #gallery-790279757 .grid-col-1-2{height: 200px}\n    #gallery-790279757 .grid-col-1-3{height:133.33333333333px}\n    #gallery-790279757 .grid-col-2-3{height: 266.66666666667px}\n    #gallery-790279757 .grid-col-1-4{height: 100px}\n    #gallery-790279757 .grid-col-3-4{height: 300px}\n\n\n        \/* Tablet *\/\n    @media (max-width: 850px){\n      #gallery-790279757 .grid-col-1{height: 266.66666666667px}\n      #gallery-790279757 .grid-col-1-2{height: 133.33333333333px}\n      #gallery-790279757 .grid-col-1-3{height:88.888888888889px}\n      #gallery-790279757 .grid-col-2-3{height: 177.77777777778px}\n      #gallery-790279757 .grid-col-1-4{height: 66.666666666667px}\n      #gallery-790279757 .grid-col-3-4{height: 200px}\n    }\n    \n        \/* Mobile *\/\n    @media (max-width: 550px){\n      #gallery-790279757 .grid-col-1{height: 266.66666666667px}\n      #gallery-790279757 .grid-col-1-2{height: 133.33333333333px}\n      #gallery-790279757 .grid-col-1-3{height:88.888888888889px}\n      #gallery-790279757 .grid-col-2-3{height: 177.77777777778px}\n      #gallery-790279757 .grid-col-1-4{height: 66.666666666667px}\n      #gallery-790279757 .grid-col-3-4{height: 200px}\n    }\n    \n\n  <\/style>\n  \n  \n    <div id=\"gallery-790279757\" class=\"row row-grid\" data-packery-options='{\"itemSelector\": \".col\", \"gutter\": 0, \"presentageWidth\" : true}'>\n\n  <div class=\"gallery-col col grid-col grid-col-1 large-6 medium-12\" >\n          <div class=\"col-inner\">\n            <a class=\"image-lightbox lightbox-gallery\" href=\"https:\/\/www.sbsmakine.com\/wp-content\/uploads\/2022\/03\/Technicalchief-Konveyor-Sistemleri-3.jpg\" title=\"\">            <div class=\"box has-hover gallery-box box-overlay dark box-text-center\">\n              <div class=\"box-image\" >\n                <img loading=\"lazy\" decoding=\"async\" width=\"600\" height=\"450\" src=\"https:\/\/www.sbsmakine.com\/wp-content\/uploads\/2022\/03\/Technicalchief-Konveyor-Sistemleri-3.jpg\" class=\"attachment-large size-large\" alt=\"\" ids=\"933,931,932,935,934,937,938,940,939,936\" style=\"default\" type=\"grid\" grid=\"3\" grid_height=\"400x\" grid_height__md=\"500px\" srcset=\"https:\/\/www.sbsmakine.com\/wp-content\/uploads\/2022\/03\/Technicalchief-Konveyor-Sistemleri-3.jpg 600w, https:\/\/www.sbsmakine.com\/wp-content\/uploads\/2022\/03\/Technicalchief-Konveyor-Sistemleri-3-533x400.jpg 533w\" sizes=\"auto, (max-width: 600px) 100vw, 600px\" \/>                                  <div class=\"overlay fill\"\n                      style=\"background-color: rgba(0,0,0,.15)\">\n                  <\/div>\n                                                              <\/div>\n              <div class=\"box-text text-left dark\" >\n                 <p><\/p>\n              <\/div>\n            <\/div>\n            <\/a>          <\/div>\n         <\/div><div class=\"gallery-col col grid-col grid-col-1-2 large-6 medium-6\" >\n          <div class=\"col-inner\">\n            <a class=\"image-lightbox lightbox-gallery\" href=\"https:\/\/www.sbsmakine.com\/wp-content\/uploads\/2022\/03\/Technicalchief-Konveyor-Sistemleri-2.png\" title=\"\">            <div class=\"box has-hover gallery-box box-overlay dark box-text-center\">\n              <div class=\"box-image\" >\n                <img loading=\"lazy\" decoding=\"async\" width=\"300\" height=\"400\" src=\"https:\/\/www.sbsmakine.com\/wp-content\/uploads\/2022\/03\/Technicalchief-Konveyor-Sistemleri-2.png\" class=\"attachment-medium size-medium\" alt=\"\" ids=\"933,931,932,935,934,937,938,940,939,936\" style=\"default\" type=\"grid\" grid=\"3\" grid_height=\"400x\" grid_height__md=\"500px\" \/>                                  <div class=\"overlay fill\"\n                      style=\"background-color: rgba(0,0,0,.15)\">\n                  <\/div>\n                                                              <\/div>\n              <div class=\"box-text text-left dark\" >\n                 <p><\/p>\n              <\/div>\n            <\/div>\n            <\/a>          <\/div>\n         <\/div><div class=\"gallery-col col grid-col grid-col-1-2 large-3 medium-6\" >\n          <div class=\"col-inner\">\n            <a class=\"image-lightbox lightbox-gallery\" href=\"https:\/\/www.sbsmakine.com\/wp-content\/uploads\/2022\/03\/Technicalchief-Konveyor-Sistemleri-1.jpg\" title=\"\">            <div class=\"box has-hover gallery-box box-overlay dark box-text-center\">\n              <div class=\"box-image\" >\n                <img loading=\"lazy\" decoding=\"async\" width=\"300\" height=\"400\" src=\"https:\/\/www.sbsmakine.com\/wp-content\/uploads\/2022\/03\/Technicalchief-Konveyor-Sistemleri-1.jpg\" class=\"attachment-medium size-medium\" alt=\"\" ids=\"933,931,932,935,934,937,938,940,939,936\" style=\"default\" type=\"grid\" grid=\"3\" grid_height=\"400x\" grid_height__md=\"500px\" \/>                                  <div class=\"overlay fill\"\n                      style=\"background-color: rgba(0,0,0,.15)\">\n                  <\/div>\n                                                              <\/div>\n              <div class=\"box-text text-left dark\" >\n                 <p><\/p>\n              <\/div>\n            <\/div>\n            <\/a>          <\/div>\n         <\/div><div class=\"gallery-col col grid-col grid-col-1-2 large-3 medium-6\" >\n          <div class=\"col-inner\">\n            <a class=\"image-lightbox lightbox-gallery\" href=\"https:\/\/www.sbsmakine.com\/wp-content\/uploads\/2022\/03\/Technicalchief-Konveyor-Sistemleri-5.jpg\" title=\"\">            <div class=\"box has-hover gallery-box box-overlay dark box-text-center\">\n              <div class=\"box-image\" >\n                <img loading=\"lazy\" decoding=\"async\" width=\"600\" height=\"400\" src=\"https:\/\/www.sbsmakine.com\/wp-content\/uploads\/2022\/03\/Technicalchief-Konveyor-Sistemleri-5.jpg\" class=\"attachment-medium size-medium\" alt=\"\" ids=\"933,931,932,935,934,937,938,940,939,936\" style=\"default\" type=\"grid\" grid=\"3\" grid_height=\"400x\" grid_height__md=\"500px\" \/>                                  <div class=\"overlay fill\"\n                      style=\"background-color: rgba(0,0,0,.15)\">\n                  <\/div>\n                                                              <\/div>\n              <div class=\"box-text text-left dark\" >\n                 <p><\/p>\n              <\/div>\n            <\/div>\n            <\/a>          <\/div>\n         <\/div><div class=\"gallery-col col grid-col grid-col-1-2 large-3 medium-6\" >\n          <div class=\"col-inner\">\n            <a class=\"image-lightbox lightbox-gallery\" href=\"https:\/\/www.sbsmakine.com\/wp-content\/uploads\/2022\/03\/Technicalchief-Konveyor-Sistemleri-4.jpg\" title=\"\">            <div class=\"box has-hover gallery-box box-overlay dark box-text-center\">\n              <div class=\"box-image\" >\n                <img loading=\"lazy\" decoding=\"async\" width=\"600\" height=\"400\" src=\"https:\/\/www.sbsmakine.com\/wp-content\/uploads\/2022\/03\/Technicalchief-Konveyor-Sistemleri-4.jpg\" class=\"attachment-medium size-medium\" alt=\"\" ids=\"933,931,932,935,934,937,938,940,939,936\" style=\"default\" type=\"grid\" grid=\"3\" grid_height=\"400x\" grid_height__md=\"500px\" \/>                                  <div class=\"overlay fill\"\n                      style=\"background-color: rgba(0,0,0,.15)\">\n                  <\/div>\n                                                              <\/div>\n              <div class=\"box-text text-left dark\" >\n                 <p><\/p>\n              <\/div>\n            <\/div>\n            <\/a>          <\/div>\n         <\/div><div class=\"gallery-col col grid-col grid-col-1-2 large-3 medium-6\" >\n          <div class=\"col-inner\">\n            <a class=\"image-lightbox lightbox-gallery\" href=\"https:\/\/www.sbsmakine.com\/wp-content\/uploads\/2022\/03\/Technicalchief-Konveyor-Sistemleri-7.jpg\" title=\"\">            <div class=\"box has-hover gallery-box box-overlay dark box-text-center\">\n              <div class=\"box-image\" >\n                <img loading=\"lazy\" decoding=\"async\" width=\"533\" height=\"400\" src=\"https:\/\/www.sbsmakine.com\/wp-content\/uploads\/2022\/03\/Technicalchief-Konveyor-Sistemleri-7-533x400.jpg\" class=\"attachment-medium size-medium\" alt=\"\" ids=\"933,931,932,935,934,937,938,940,939,936\" style=\"default\" type=\"grid\" grid=\"3\" grid_height=\"400x\" grid_height__md=\"500px\" srcset=\"https:\/\/www.sbsmakine.com\/wp-content\/uploads\/2022\/03\/Technicalchief-Konveyor-Sistemleri-7-533x400.jpg 533w, https:\/\/www.sbsmakine.com\/wp-content\/uploads\/2022\/03\/Technicalchief-Konveyor-Sistemleri-7.jpg 600w\" sizes=\"auto, (max-width: 533px) 100vw, 533px\" \/>                                  <div class=\"overlay fill\"\n                      style=\"background-color: rgba(0,0,0,.15)\">\n                  <\/div>\n                                                              <\/div>\n              <div class=\"box-text text-left dark\" >\n                 <p><\/p>\n              <\/div>\n            <\/div>\n            <\/a>          <\/div>\n         <\/div><div class=\"gallery-col col grid-col grid-col-1-2 large-3 medium-6\" >\n          <div class=\"col-inner\">\n            <a class=\"image-lightbox lightbox-gallery\" href=\"https:\/\/www.sbsmakine.com\/wp-content\/uploads\/2022\/03\/Technicalchief-Konveyor-Sistemleri-8.jpg\" title=\"\">            <div class=\"box has-hover gallery-box box-overlay dark box-text-center\">\n              <div class=\"box-image\" >\n                <img loading=\"lazy\" decoding=\"async\" width=\"533\" height=\"400\" src=\"https:\/\/www.sbsmakine.com\/wp-content\/uploads\/2022\/03\/Technicalchief-Konveyor-Sistemleri-8-533x400.jpg\" class=\"attachment-medium size-medium\" alt=\"\" ids=\"933,931,932,935,934,937,938,940,939,936\" style=\"default\" type=\"grid\" grid=\"3\" grid_height=\"400x\" grid_height__md=\"500px\" srcset=\"https:\/\/www.sbsmakine.com\/wp-content\/uploads\/2022\/03\/Technicalchief-Konveyor-Sistemleri-8-533x400.jpg 533w, https:\/\/www.sbsmakine.com\/wp-content\/uploads\/2022\/03\/Technicalchief-Konveyor-Sistemleri-8.jpg 600w\" sizes=\"auto, (max-width: 533px) 100vw, 533px\" \/>                                  <div class=\"overlay fill\"\n                      style=\"background-color: rgba(0,0,0,.15)\">\n                  <\/div>\n                                                              <\/div>\n              <div class=\"box-text text-left dark\" >\n                 <p><\/p>\n              <\/div>\n            <\/div>\n            <\/a>          <\/div>\n         <\/div><div class=\"gallery-col col grid-col grid-col-1-2 large-3 medium-6\" >\n          <div class=\"col-inner\">\n            <a class=\"image-lightbox lightbox-gallery\" href=\"https:\/\/www.sbsmakine.com\/wp-content\/uploads\/2022\/03\/Technicalchief-Konveyor-Sistemleri-10.jpg\" title=\"\">            <div class=\"box has-hover gallery-box box-overlay dark box-text-center\">\n              <div class=\"box-image\" >\n                <img loading=\"lazy\" decoding=\"async\" width=\"267\" height=\"400\" src=\"https:\/\/www.sbsmakine.com\/wp-content\/uploads\/2022\/03\/Technicalchief-Konveyor-Sistemleri-10-267x400.jpg\" class=\"attachment-medium size-medium\" alt=\"\" ids=\"933,931,932,935,934,937,938,940,939,936\" style=\"default\" type=\"grid\" grid=\"3\" grid_height=\"400x\" grid_height__md=\"500px\" srcset=\"https:\/\/www.sbsmakine.com\/wp-content\/uploads\/2022\/03\/Technicalchief-Konveyor-Sistemleri-10-267x400.jpg 267w, https:\/\/www.sbsmakine.com\/wp-content\/uploads\/2022\/03\/Technicalchief-Konveyor-Sistemleri-10.jpg 400w\" sizes=\"auto, (max-width: 267px) 100vw, 267px\" \/>                                  <div class=\"overlay fill\"\n                      style=\"background-color: rgba(0,0,0,.15)\">\n                  <\/div>\n                                                              <\/div>\n              <div class=\"box-text text-left dark\" >\n                 <p><\/p>\n              <\/div>\n            <\/div>\n            <\/a>          <\/div>\n         <\/div><div class=\"gallery-col col grid-col grid-col-1-2 large-3 medium-6\" >\n          <div class=\"col-inner\">\n            <a class=\"image-lightbox lightbox-gallery\" href=\"https:\/\/www.sbsmakine.com\/wp-content\/uploads\/2022\/03\/Technicalchief-Konveyor-Sistemleri-9.jpg\" title=\"\">            <div class=\"box has-hover gallery-box box-overlay dark box-text-center\">\n              <div class=\"box-image\" >\n                <img loading=\"lazy\" decoding=\"async\" width=\"600\" height=\"400\" src=\"https:\/\/www.sbsmakine.com\/wp-content\/uploads\/2022\/03\/Technicalchief-Konveyor-Sistemleri-9.jpg\" class=\"attachment-medium size-medium\" alt=\"\" ids=\"933,931,932,935,934,937,938,940,939,936\" style=\"default\" type=\"grid\" grid=\"3\" grid_height=\"400x\" grid_height__md=\"500px\" \/>                                  <div class=\"overlay fill\"\n                      style=\"background-color: rgba(0,0,0,.15)\">\n                  <\/div>\n                                                              <\/div>\n              <div class=\"box-text text-left dark\" >\n                 <p><\/p>\n              <\/div>\n            <\/div>\n            <\/a>          <\/div>\n         <\/div><div class=\"gallery-col col grid-col grid-col-1-2 large-3 medium-6\" >\n          <div class=\"col-inner\">\n            <a class=\"image-lightbox lightbox-gallery\" href=\"https:\/\/www.sbsmakine.com\/wp-content\/uploads\/2022\/03\/Technicalchief-Konveyor-Sistemleri-6.jpg\" title=\"\">            <div class=\"box has-hover gallery-box box-overlay dark box-text-center\">\n              <div class=\"box-image\" >\n                <img loading=\"lazy\" decoding=\"async\" width=\"600\" height=\"381\" src=\"https:\/\/www.sbsmakine.com\/wp-content\/uploads\/2022\/03\/Technicalchief-Konveyor-Sistemleri-6.jpg\" class=\"attachment-medium size-medium\" alt=\"\" ids=\"933,931,932,935,934,937,938,940,939,936\" style=\"default\" type=\"grid\" grid=\"3\" grid_height=\"400x\" grid_height__md=\"500px\" \/>                                  <div class=\"overlay fill\"\n                      style=\"background-color: rgba(0,0,0,.15)\">\n                  <\/div>\n                                                              <\/div>\n              <div class=\"box-text text-left dark\" >\n                 <p><\/p>\n              <\/div>\n            <\/div>\n            <\/a>          <\/div>\n         <\/div><\/div>\n\n<div class=\"row\"  id=\"row-2076498644\">\n\n\n\t<div id=\"col-857863544\" class=\"col small-12 large-12\"  >\n\t\t\t\t<div class=\"col-inner text-center\"  >\n\t\t\t\n\t\t\t\n\n<a href=\"https:\/\/www.sbsmakine.com\/tr\/iletisim\/\" target=\"_self\" class=\"button primary\"  style=\"border-radius:99px;\">\n    <span>\u0130LET\u0130\u015e\u0130M<\/span>\n  <\/a>\n\n\n\n\t\t<\/div>\n\t\t\t\t\n<style>\n#col-857863544 > .col-inner {\n  margin: 0px 0px -38px 0px;\n}\n<\/style>\n\t<\/div>\n\n\t\n\n<\/div>\n\n\t\t<\/div>\n\n\t\t\n<style>\n#section_1134123059 {\n  padding-top: 0px;\n  padding-bottom: 0px;\n}\n#section_1134123059 .ux-shape-divider--top svg {\n  height: 150px;\n  --divider-top-width: 100%;\n}\n#section_1134123059 .ux-shape-divider--bottom svg {\n  height: 150px;\n  --divider-width: 100%;\n}\n<\/style>\n\t<\/section>\n\t\n\n","protected":false},"excerpt":{"rendered":"","protected":false},"author":1,"featured_media":0,"parent":0,"menu_order":0,"comment_status":"closed","ping_status":"closed","template":"","meta":{"footnotes":""},"class_list":["post-1598","page","type-page","status-publish","hentry"],"_links":{"self":[{"href":"https:\/\/www.sbsmakine.com\/tr\/wp-json\/wp\/v2\/pages\/1598","targetHints":{"allow":["GET"]}}],"collection":[{"href":"https:\/\/www.sbsmakine.com\/tr\/wp-json\/wp\/v2\/pages"}],"about":[{"href":"https:\/\/www.sbsmakine.com\/tr\/wp-json\/wp\/v2\/types\/page"}],"author":[{"embeddable":true,"href":"https:\/\/www.sbsmakine.com\/tr\/wp-json\/wp\/v2\/users\/1"}],"replies":[{"embeddable":true,"href":"https:\/\/www.sbsmakine.com\/tr\/wp-json\/wp\/v2\/comments?post=1598"}],"version-history":[{"count":6,"href":"https:\/\/www.sbsmakine.com\/tr\/wp-json\/wp\/v2\/pages\/1598\/revisions"}],"predecessor-version":[{"id":1734,"href":"https:\/\/www.sbsmakine.com\/tr\/wp-json\/wp\/v2\/pages\/1598\/revisions\/1734"}],"wp:attachment":[{"href":"https:\/\/www.sbsmakine.com\/tr\/wp-json\/wp\/v2\/media?parent=1598"}],"curies":[{"name":"wp","href":"https:\/\/api.w.org\/{rel}","templated":true}]}}