{"id":1619,"date":"2022-02-17T09:57:38","date_gmt":"2022-02-17T09:57:38","guid":{"rendered":"https:\/\/www.sbsmakine.com\/iletisim\/"},"modified":"2022-03-24T08:23:47","modified_gmt":"2022-03-24T08:23:47","slug":"iletisim","status":"publish","type":"page","link":"https:\/\/www.sbsmakine.com\/tr\/iletisim\/","title":{"rendered":"\u0130LET\u0130\u015e\u0130M"},"content":{"rendered":"\n\t<section class=\"section\" id=\"section_166488477\">\n\t\t<div class=\"bg section-bg fill bg-fill  bg-loaded\" >\n\n\t\t\t\n\t\t\t\n\t\t\t\n\n\t\t<\/div>\n\n\t\t\n\n\t\t<div class=\"section-content relative\">\n\t\t\t\n\n<div class=\"row row-collapse align-middle align-center\" style=\"max-width:1050px\" id=\"row-1572479654\">\n\n\n\t<div id=\"col-2117056674\" class=\"col small-12 large-12\"  >\n\t\t\t\t<div class=\"col-inner text-center\"  >\n\t\t\t\n\t\t\t\n\n\t<div class=\"img has-hover x md-x lg-x y md-y lg-y\" id=\"image_1433547118\">\n\t\t\t\t\t\t\t\t<div class=\"img-inner image-cover dark\" style=\"padding-top:22%;\">\n\t\t\t<img loading=\"lazy\" decoding=\"async\" width=\"1080\" height=\"300\" src=\"https:\/\/www.sbsmakine.com\/wp-content\/uploads\/2022\/03\/sbs-solution-conveyor-system-contact1-1.png\" class=\"attachment-original size-original\" alt=\"sbs-solution-conveyor-system-contact\" srcset=\"https:\/\/www.sbsmakine.com\/wp-content\/uploads\/2022\/03\/sbs-solution-conveyor-system-contact1-1.png 1080w, https:\/\/www.sbsmakine.com\/wp-content\/uploads\/2022\/03\/sbs-solution-conveyor-system-contact1-1-800x222.png 800w, https:\/\/www.sbsmakine.com\/wp-content\/uploads\/2022\/03\/sbs-solution-conveyor-system-contact1-1-768x213.png 768w, https:\/\/www.sbsmakine.com\/wp-content\/uploads\/2022\/03\/sbs-solution-conveyor-system-contact1-1-600x167.png 600w\" sizes=\"auto, (max-width: 1080px) 100vw, 1080px\" \/>\t\t\t\t\t\t\n\t\t\t\t\t<\/div>\n\t\t\t\t\t\t\t\t\n<style>\n#image_1433547118 {\n  width: 100%;\n}\n<\/style>\n\t<\/div>\n\t\n\n\n\t\t<\/div>\n\t\t\t\t\t<\/div>\n\n\t\n\n<\/div>\n\n\t\t<\/div>\n\n\t\t\n<style>\n#section_166488477 {\n  padding-top: 30px;\n  padding-bottom: 30px;\n}\n#section_166488477 .ux-shape-divider--top svg {\n  height: 150px;\n  --divider-top-width: 100%;\n}\n#section_166488477 .ux-shape-divider--bottom svg {\n  height: 150px;\n  --divider-width: 100%;\n}\n<\/style>\n\t<\/section>\n\t\n<div class=\"row row-large align-middle align-center\"  id=\"row-1730368160\">\n\n\n\t<div id=\"col-1299258378\" class=\"col small-12 large-12\"  >\n\t\t\t\t<div class=\"col-inner\" style=\"background-color:rgb(220, 241, 229);\" >\n\t\t\t\n\t\t\t\n\n<div class=\"row row-collapse row-full-width\"  id=\"row-457224686\">\n\n\n\t<div id=\"col-1607722401\" class=\"col medium-12 small-12 large-6\"  >\n\t\t\t\t<div class=\"col-inner\" style=\"background-color:rgb(220, 241, 229);\" >\n\t\t\t\n\t\t\t\n\n<h3>\u00a0<\/h3>\n<h3><span style=\"font-size: 120%;\">\u0130leti\u015fim<\/span><\/h3>\n<p>End\u00fcstriyel Makinelerin Sat\u0131\u015f\u0131, Kurulumu, Yedek Par\u00e7a Talebi ve Bak\u0131m Onar\u0131m\u0131 \u0130\u00e7in L\u00fctfen Bizimle \u0130let\u015fime Ge\u00e7iniz.\u00a0<\/p>\n\t<div id=\"gap-1044757232\" class=\"gap-element clearfix\" style=\"display:block; height:auto;\">\n\t\t\n<style>\n#gap-1044757232 {\n  padding-top: 20px;\n}\n@media (min-width:550px) {\n  #gap-1044757232 {\n    padding-top: 20px;\n  }\n}\n@media (min-width:850px) {\n  #gap-1044757232 {\n    padding-top: 30px;\n  }\n}\n<\/style>\n\t<\/div>\n\t\n\n<div class=\"row\"  id=\"row-821386276\">\n\n\n\t<div id=\"col-39274169\" class=\"col medium-6 small-12 large-6\"  >\n\t\t\t\t<div class=\"col-inner\"  >\n\t\t\t\n\t\t\t\n\n\t<div class=\"img has-hover x md-x lg-x y md-y lg-y\" id=\"image_142618725\">\n\t\t\t\t\t\t\t\t<div class=\"img-inner dark\" >\n\t\t\t<img loading=\"lazy\" decoding=\"async\" width=\"240\" height=\"240\" src=\"https:\/\/www.sbsmakine.com\/wp-content\/uploads\/2022\/02\/map-pin-2-fill-2.png\" class=\"attachment-large size-large\" alt=\"\" srcset=\"https:\/\/www.sbsmakine.com\/wp-content\/uploads\/2022\/02\/map-pin-2-fill-2.png 240w, https:\/\/www.sbsmakine.com\/wp-content\/uploads\/2022\/02\/map-pin-2-fill-2-200x200.png 200w, https:\/\/www.sbsmakine.com\/wp-content\/uploads\/2022\/02\/map-pin-2-fill-2-100x100.png 100w\" sizes=\"auto, (max-width: 240px) 100vw, 240px\" \/>\t\t\t\t\t\t\n\t\t\t\t\t<\/div>\n\t\t\t\t\t\t\t\t\n<style>\n#image_142618725 {\n  width: 15%;\n}\n@media (min-width:550px) {\n  #image_142618725 {\n    width: 20%;\n  }\n}\n<\/style>\n\t<\/div>\n\t\n\n\t<div id=\"text-4266096104\" class=\"text\">\n\t\t\n\n<h3 class=\"uppercase\">Adres<\/h3>\n<p>Abide Mahallesi 1028 Sokak Abdulmecid Yi\u011fit \u0130\u015f Merkezi <br \/>No: 2 Kat: 2 A\u011fr\u0131-T\u00fcrkiye<\/p>\n\t\t\n<style>\n#text-4266096104 {\n  font-size: 0.85rem;\n  text-align: left;\n}\n<\/style>\n\t<\/div>\n\t\n\n\t\t<\/div>\n\t\t\t\t\n<style>\n#col-39274169 > .col-inner {\n  margin: 10px 0px 0px 0px;\n}\n<\/style>\n\t<\/div>\n\n\t\n\n\t<div id=\"col-850491832\" class=\"col medium-5 small-12 large-6\"  >\n\t\t\t\t<div class=\"col-inner\"  >\n\t\t\t\n\t\t\t\n\n\t<div class=\"img has-hover x md-x lg-x y md-y lg-y\" id=\"image_1184574538\">\n\t\t\t\t\t\t\t\t<div class=\"img-inner dark\" >\n\t\t\t<img loading=\"lazy\" decoding=\"async\" width=\"240\" height=\"240\" src=\"https:\/\/www.sbsmakine.com\/wp-content\/uploads\/2022\/02\/time-fill.png\" class=\"attachment-large size-large\" alt=\"\" srcset=\"https:\/\/www.sbsmakine.com\/wp-content\/uploads\/2022\/02\/time-fill.png 240w, https:\/\/www.sbsmakine.com\/wp-content\/uploads\/2022\/02\/time-fill-200x200.png 200w, https:\/\/www.sbsmakine.com\/wp-content\/uploads\/2022\/02\/time-fill-100x100.png 100w\" sizes=\"auto, (max-width: 240px) 100vw, 240px\" \/>\t\t\t\t\t\t\n\t\t\t\t\t<\/div>\n\t\t\t\t\t\t\t\t\n<style>\n#image_1184574538 {\n  width: 15%;\n}\n@media (min-width:550px) {\n  #image_1184574538 {\n    width: 20%;\n  }\n}\n<\/style>\n\t<\/div>\n\t\n\n\t<div id=\"text-376092100\" class=\"text\">\n\t\t\n\n<h4 class=\"uppercase\">\u00c7ALI\u015eMA SAATLER\u0130<\/h4>\n<p>Haftai\u00e7i:<\/br> 0830 &#8211; 1800<br \/>Cumartesi:<\/br> 0830 &#8211; 1700<\/p>\n\t\t\n<style>\n#text-376092100 {\n  font-size: 0.85rem;\n}\n<\/style>\n\t<\/div>\n\t\n\n\t\t<\/div>\n\t\t\t\t\n<style>\n#col-850491832 > .col-inner {\n  margin: 10px 0px 0px 0px;\n}\n<\/style>\n\t<\/div>\n\n\t\n\n<\/div>\n<div class=\"row\"  id=\"row-1228834947\">\n\n\n\t<div id=\"col-1971816444\" class=\"col medium-6 small-12 large-6\"  >\n\t\t\t\t<div class=\"col-inner\"  >\n\t\t\t\n\t\t\t\n\n\t<div class=\"img has-hover x md-x lg-x y md-y lg-y\" id=\"image_2139085647\">\n\t\t\t\t\t\t\t\t<div class=\"img-inner dark\" >\n\t\t\t<img loading=\"lazy\" decoding=\"async\" width=\"240\" height=\"240\" src=\"https:\/\/www.sbsmakine.com\/wp-content\/uploads\/2022\/02\/mail-open-fill.png\" class=\"attachment-large size-large\" alt=\"\" srcset=\"https:\/\/www.sbsmakine.com\/wp-content\/uploads\/2022\/02\/mail-open-fill.png 240w, https:\/\/www.sbsmakine.com\/wp-content\/uploads\/2022\/02\/mail-open-fill-200x200.png 200w, https:\/\/www.sbsmakine.com\/wp-content\/uploads\/2022\/02\/mail-open-fill-100x100.png 100w\" sizes=\"auto, (max-width: 240px) 100vw, 240px\" \/>\t\t\t\t\t\t\n\t\t\t\t\t<\/div>\n\t\t\t\t\t\t\t\t\n<style>\n#image_2139085647 {\n  width: 15%;\n}\n@media (min-width:550px) {\n  #image_2139085647 {\n    width: 20%;\n  }\n}\n<\/style>\n\t<\/div>\n\t\n\n\t<div id=\"text-1474623198\" class=\"text\">\n\t\t\n\n<h4 class=\"uppercase\">E-posta<\/h4>\n<p>info@sbsmakine.com<\/p>\n\t\t\n<style>\n#text-1474623198 {\n  font-size: 0.85rem;\n  text-align: left;\n}\n<\/style>\n\t<\/div>\n\t\n\n\t\t<\/div>\n\t\t\t\t\n<style>\n#col-1971816444 > .col-inner {\n  padding: px 0px 0px 0px;\n  margin: 10px 0px 0px 0px;\n}\n<\/style>\n\t<\/div>\n\n\t\n\n\t<div id=\"col-2102699652\" class=\"col medium-6 small-12 large-6\"  >\n\t\t\t\t<div class=\"col-inner\"  >\n\t\t\t\n\t\t\t\n\n\t<div class=\"img has-hover x md-x lg-x y md-y lg-y\" id=\"image_1499585569\">\n\t\t\t\t\t\t\t\t<div class=\"img-inner dark\" >\n\t\t\t<img loading=\"lazy\" decoding=\"async\" width=\"240\" height=\"240\" src=\"https:\/\/www.sbsmakine.com\/wp-content\/uploads\/2022\/02\/phone-fill.png\" class=\"attachment-large size-large\" alt=\"\" srcset=\"https:\/\/www.sbsmakine.com\/wp-content\/uploads\/2022\/02\/phone-fill.png 240w, https:\/\/www.sbsmakine.com\/wp-content\/uploads\/2022\/02\/phone-fill-200x200.png 200w, https:\/\/www.sbsmakine.com\/wp-content\/uploads\/2022\/02\/phone-fill-100x100.png 100w\" sizes=\"auto, (max-width: 240px) 100vw, 240px\" \/>\t\t\t\t\t\t\n\t\t\t\t\t<\/div>\n\t\t\t\t\t\t\t\t\n<style>\n#image_1499585569 {\n  width: 15%;\n}\n@media (min-width:550px) {\n  #image_1499585569 {\n    width: 20%;\n  }\n}\n<\/style>\n\t<\/div>\n\t\n\n\t<div id=\"text-1428904794\" class=\"text\">\n\t\t\n\n<h4 class=\"uppercase\">Telefon<\/h4>\n<p>+905369580062<\/p>\n\t\t\n<style>\n#text-1428904794 {\n  font-size: 0.85rem;\n}\n<\/style>\n\t<\/div>\n\t\n\n\t\t<\/div>\n\t\t\t\t\n<style>\n#col-2102699652 > .col-inner {\n  margin: 10px 0px 0px 0px;\n}\n<\/style>\n\t<\/div>\n\n\t\n\n<\/div>\n\n\t\t<\/div>\n\t\t\t\t\n<style>\n#col-1607722401 > .col-inner {\n  padding: 0px 0px 0px 20px;\n}\n<\/style>\n\t<\/div>\n\n\t\n\n\t<div id=\"col-368582749\" class=\"col medium-12 small-12 large-6\"  >\n\t\t\t\t<div class=\"col-inner\" style=\"background-color:rgb(238, 249, 243);\" >\n\t\t\t\n\t\t\t\n\n<p><\/br><\/p>\n<h3><span style=\"font-size: 120%;\">Hemen Bilgi Al\u0131n<\/span><\/h3>\n\t<div id=\"gap-1819551420\" class=\"gap-element clearfix\" style=\"display:block; height:auto;\">\n\t\t\n<style>\n#gap-1819551420 {\n  padding-top: 20px;\n}\n@media (min-width:550px) {\n  #gap-1819551420 {\n    padding-top: 20px;\n  }\n}\n@media (min-width:850px) {\n  #gap-1819551420 {\n    padding-top: 30px;\n  }\n}\n<\/style>\n\t<\/div>\n\t\n\n<div role=\"form\" class=\"wpcf7\" id=\"wpcf7-f14-o1\" lang=\"en-US\" dir=\"ltr\">\n<div class=\"screen-reader-response\"><p role=\"status\" aria-live=\"polite\" aria-atomic=\"true\"><\/p> <ul><\/ul><\/div>\n<form action=\"\/tr\/wp-json\/wp\/v2\/pages\/1619#wpcf7-f14-o1\" method=\"post\" class=\"wpcf7-form init\" novalidate=\"novalidate\" data-status=\"init\">\n<div style=\"display: none;\">\n<input type=\"hidden\" name=\"_wpcf7\" value=\"14\" \/>\n<input type=\"hidden\" name=\"_wpcf7_version\" value=\"5.5.6\" \/>\n<input type=\"hidden\" name=\"_wpcf7_locale\" value=\"en_US\" \/>\n<input type=\"hidden\" name=\"_wpcf7_unit_tag\" value=\"wpcf7-f14-o1\" \/>\n<input type=\"hidden\" name=\"_wpcf7_container_post\" value=\"0\" \/>\n<input type=\"hidden\" name=\"_wpcf7_posted_data_hash\" value=\"\" \/>\n<\/div>\n<div class=\"form-flat\">\n<span class=\"wpcf7-form-control-wrap your-name\"><input type=\"text\" name=\"your-name\" value=\"\" size=\"40\" class=\"wpcf7-form-control wpcf7-text wpcf7-validates-as-required\" aria-required=\"true\" aria-invalid=\"false\" placeholder=\"Ad\u0131n\u0131z (Gerekli)\" \/><\/span><\/p>\n<p><span class=\"wpcf7-form-control-wrap sir-name\"><input type=\"text\" name=\"sir-name\" value=\"\" size=\"40\" class=\"wpcf7-form-control wpcf7-text wpcf7-validates-as-required\" aria-required=\"true\" aria-invalid=\"false\" placeholder=\"Soyad\u0131n\u0131z (Gerekli)\" \/><\/span><\/p>\n<p><span class=\"wpcf7-form-control-wrap sehir\"><input type=\"text\" name=\"sehir\" value=\"\" size=\"40\" class=\"wpcf7-form-control wpcf7-text\" aria-invalid=\"false\" placeholder=\"\u015eehir\/\u00dclke\" \/><\/span><\/p>\n<p><span class=\"wpcf7-form-control-wrap your-email\"><input type=\"email\" name=\"your-email\" value=\"\" size=\"40\" class=\"wpcf7-form-control wpcf7-text wpcf7-email wpcf7-validates-as-required wpcf7-validates-as-email\" aria-required=\"true\" aria-invalid=\"false\" placeholder=\"E-Posta (Gerekli)\" \/><\/span> <\/p>\n<p><span class=\"wpcf7-form-control-wrap your-message\"><textarea name=\"your-message\" cols=\"40\" rows=\"10\" class=\"wpcf7-form-control wpcf7-textarea\" aria-invalid=\"false\" placeholder=\"Mesaj\u0131n\u0131z (Gerekli)\"><\/textarea><\/span> <\/p>\n<p><input type=\"submit\" value=\"G\u00f6nder\" class=\"wpcf7-form-control has-spinner wpcf7-submit button\" \/>\n<\/p><\/div>\n<div class=\"wpcf7-response-output\" aria-hidden=\"true\"><\/div><\/form><\/div>\n\n\n\t\t<\/div>\n\t\t\t\t\t<\/div>\n\n\t\n\n\n<style>\n#row-457224686 > .col > .col-inner {\n  padding: 0px 15px 0px 15px;\n}\n<\/style>\n<\/div>\n\n\t\t<\/div>\n\t\t\t\t\n<style>\n#col-1299258378 > .col-inner {\n  padding: 50px 20px 0px 20px;\n  margin: -57px 0px 0px 0px;\n}\n@media (min-width:550px) {\n  #col-1299258378 > .col-inner {\n    padding: 50px 20px 30px 20px;\n    margin: 0 0px 0px 0px;\n  }\n}\n@media (min-width:850px) {\n  #col-1299258378 > .col-inner {\n    padding: 66px 5% 16px 5%;\n    margin: -21px 0px 0px 0px;\n  }\n}\n<\/style>\n\t<\/div>\n\n\t\n\n<\/div>\n<div class=\"row row-large align-middle align-center\"  id=\"row-1579430090\">\n\n\n\t<div id=\"col-1873359630\" class=\"col medium-6 small-12 large-6\"  >\n\t\t\t\t<div class=\"col-inner text-center\"  >\n\t\t\t\n\t\t\t\n\n\n\n<iframe src=\"https:\/\/www.google.com\/maps\/embed?pb=!1m18!1m12!1m3!1d29192.633171409183!2d43.012904246796786!3d39.72847263305!2m3!1f0!2f0!3f0!3m2!1i1024!2i768!4f13.1!3m3!1m2!1s0x406c8169601f88f9%3A0x939a5e195b5398c0!2zQWJpZGUsIDA0MTAwIEHEn3LEsSBNZXJrZXovQcSfcsSx!5e0!3m2!1sen!2str!4v1647611388262!5m2!1sen!2str\" width=\"600\" height=\"450\" style=\"border:0;\" allowfullscreen=\"\" loading=\"lazy\"><\/iframe>\n\n\t<div id=\"gap-1251190846\" class=\"gap-element clearfix\" style=\"display:block; height:auto;\">\n\t\t\n<style>\n#gap-1251190846 {\n  padding-top: 30px;\n}\n<\/style>\n\t<\/div>\n\t\n\n\n\t\t<\/div>\n\t\t\t\t\n<style>\n#col-1873359630 > .col-inner {\n  padding: 20px 0px 0px 0px;\n}\n<\/style>\n\t<\/div>\n\n\t\n\n\t<div id=\"col-343531349\" class=\"col medium-5 small-12 large-5\"  >\n\t\t\t\t<div class=\"col-inner\"  >\n\t\t\t\n\t\t\t\n\n<div class=\"container section-title-container\" style=\"margin-top:-9px;\"><h3 class=\"section-title section-title-center\"><b><\/b><span class=\"section-title-main\" style=\"font-size:99%;\">SIK\u00c7A SORULAN SORULAR<\/span><b><\/b><\/h3><\/div>\n\n<div class=\"accordion\" rel=\"\">\n\n<div class=\"accordion-item\"><a href=\"#\" class=\"accordion-title plain\"><button class=\"toggle\"><i class=\"icon-angle-down\"><\/i><\/button><span>End\u00fcstriyel makine sat\u0131\u015flar\u0131n\u0131z nelerdir?<\/span><\/a><div class=\"accordion-inner\">\n\n<p>\u00d6zel ebatlara g\u00f6re konvey\u00f6r \u00fcretimi, pet \u015fi\u015fe makineleri ve makine kal\u0131plar\u0131 ile bu sistemlere ait t\u00fcm yedek par\u00e7a temini sa\u011flamaktay\u0131z. Ayr\u0131ca yurti\u00e7i ve yurtd\u0131\u015f\u0131nda Konvey\u00f6r sistemleri ile pet \u015fi\u015fe \u00fcretim ve paketleme sistemlerinin bak\u0131m ve onar\u0131mlar\u0131n\u0131 ger\u00e7ekle\u015ftirebiliyoruz.<\/p>\n\n<\/div><\/div>\n<div class=\"accordion-item\"><a href=\"#\" class=\"accordion-title plain\"><button class=\"toggle\"><i class=\"icon-angle-down\"><\/i><\/button><span>Konvey\u00f6r  sistemlerinin bak\u0131m ve onar\u0131m\u0131n\u0131 yap\u0131yor musunuz?<\/span><\/a><div class=\"accordion-inner\">\n\n<p>Konvey\u00f6r sistemlerinin t\u00fcm bak\u0131m ve onar\u0131mlar\u0131n\u0131 yapabiliriz. Ayr\u0131ca planl\u0131 bak\u0131mlar\u0131 ile yedek par\u00e7a deste\u011fi sa\u011flamaktay\u0131z.<\/p>\n\n<\/div><\/div>\n<div class=\"accordion-item\"><a href=\"#\" class=\"accordion-title plain\"><button class=\"toggle\"><i class=\"icon-angle-down\"><\/i><\/button><span>Hangi sistemlerin yedek par\u00e7alar\u0131n\u0131 sizden temin edebiliriz?<\/span><\/a><div class=\"accordion-inner\">\n\n<p>Konvey\u00f6r sistemlerinin, Pn\u00f6matik \u00dcr\u00fcnlerin, Sensorlerin, Servo sistem elemanlar\u0131n\u0131n, infrared \u0131s\u0131t\u0131c\u0131lar ile makine kal\u0131plar\u0131na ait t\u00fcm yedek par\u00e7alar\u0131 firmam\u0131zdan temin edebilirsiniz.<\/p>\n\n<\/div><\/div>\n\n<\/div>\n<div class=\"accordion\" rel=\"\">\n\n<div class=\"accordion-item\"><a href=\"#\" class=\"accordion-title plain\"><button class=\"toggle\"><i class=\"icon-angle-down\"><\/i><\/button><span>Kataloglara ula\u015fma imkan\u0131m\u0131z var m\u0131?<\/span><\/a><div class=\"accordion-inner\">\n\n<p>Kataloglar\u0131m\u0131z mevcuttur. Kataloglara sitemizin ana sayfas\u0131ndaki foto\u011fraflara t\u0131klayarak ula\u015fabilirsiniz.<\/p>\n\n<\/div><\/div>\n<div class=\"accordion-item\"><a href=\"#\" class=\"accordion-title plain\"><button class=\"toggle\"><i class=\"icon-angle-down\"><\/i><\/button><span>Yurtd\u0131\u015f\u0131na y\u00f6nelik faaliyetleriniz var?<\/span><\/a><div class=\"accordion-inner\">\n\n<p>SBS Solut\u0131on yurtd\u0131\u015f\u0131nda bulunan onlarca firmaya sistem kurulumu, sat\u0131\u015f\u0131 ve servisi konusunda hizmet vermektedir. Ayr\u0131ca yine bak\u0131m ve onar\u0131mlar i\u00e7in yurtd\u0131\u015f\u0131na hizmet vermekteyiz.<\/p>\n\n<\/div><\/div>\n<div class=\"accordion-item\"><a href=\"#\" class=\"accordion-title plain\"><button class=\"toggle\"><i class=\"icon-angle-down\"><\/i><\/button><span>Yurtd\u0131\u015f\u0131 yedek par\u00e7a g\u00f6nderi mi var m\u0131?<\/span><\/a><div class=\"accordion-inner\">\n\n<p>Konvey\u00f6r, pet \u015fi\u015fe \u00fcretim ve makine kal\u0131plar\u0131 ile ilgi alan\u0131m\u0131za giren t\u00fcm sistemlerin yedek par\u00e7ala\u0131 yurti\u00e7i ve yurtd\u0131\u015f\u0131ndan talep eden m\u00fc\u015fterilerimize g\u00f6nderilmektedir.<\/p>\n\n<\/div><\/div>\n\n<\/div>\n\n\t\t<\/div>\n\t\t\t\t\n<style>\n#col-343531349 > .col-inner {\n  padding: 14px 0px 0px 15px;\n  margin: 5px 0px 0px 0px;\n}\n<\/style>\n\t<\/div>\n\n\t\n\n<\/div>\n\t<div id=\"gap-1451052353\" class=\"gap-element clearfix\" style=\"display:block; height:auto;\">\n\t\t\n<style>\n#gap-1451052353 {\n  padding-top: 30px;\n}\n<\/style>\n\t<\/div>\n\t\n","protected":false},"excerpt":{"rendered":"","protected":false},"author":1,"featured_media":0,"parent":0,"menu_order":0,"comment_status":"closed","ping_status":"closed","template":"page-blank.php","meta":{"footnotes":""},"class_list":["post-1619","page","type-page","status-publish","hentry"],"_links":{"self":[{"href":"https:\/\/www.sbsmakine.com\/tr\/wp-json\/wp\/v2\/pages\/1619","targetHints":{"allow":["GET"]}}],"collection":[{"href":"https:\/\/www.sbsmakine.com\/tr\/wp-json\/wp\/v2\/pages"}],"about":[{"href":"https:\/\/www.sbsmakine.com\/tr\/wp-json\/wp\/v2\/types\/page"}],"author":[{"embeddable":true,"href":"https:\/\/www.sbsmakine.com\/tr\/wp-json\/wp\/v2\/users\/1"}],"replies":[{"embeddable":true,"href":"https:\/\/www.sbsmakine.com\/tr\/wp-json\/wp\/v2\/comments?post=1619"}],"version-history":[{"count":3,"href":"https:\/\/www.sbsmakine.com\/tr\/wp-json\/wp\/v2\/pages\/1619\/revisions"}],"predecessor-version":[{"id":1623,"href":"https:\/\/www.sbsmakine.com\/tr\/wp-json\/wp\/v2\/pages\/1619\/revisions\/1623"}],"wp:attachment":[{"href":"https:\/\/www.sbsmakine.com\/tr\/wp-json\/wp\/v2\/media?parent=1619"}],"curies":[{"name":"wp","href":"https:\/\/api.w.org\/{rel}","templated":true}]}}